{"id":1013,"date":"2025-11-11T20:53:37","date_gmt":"2025-11-11T20:53:37","guid":{"rendered":"https:\/\/www.ercankarakas.com\/?page_id=1013"},"modified":"2025-11-11T21:06:02","modified_gmt":"2025-11-11T21:06:02","slug":"demokratik-cesaret","status":"publish","type":"page","link":"https:\/\/www.ercankarakas.com\/?page_id=1013","title":{"rendered":"Demokratik Cesaret"},"content":{"rendered":"\t\t<div data-elementor-type=\"wp-page\" data-elementor-id=\"1013\" class=\"elementor elementor-1013\" data-elementor-settings=\"{&quot;profecient_custom_cursor_toggle&quot;:false}\">\n\t\t\t\t\t\t<section class=\"elementor-section elementor-top-section elementor-element elementor-element-2996b362 elementor-section-full_width elementor-section-height-default elementor-section-height-default\" data-id=\"2996b362\" data-element_type=\"section\" data-e-type=\"section\" data-settings=\"{&quot;background_background&quot;:&quot;classic&quot;,&quot;profecient_background_motion_effects_toggle&quot;:0,&quot;profecient_custom_cursor_toggle&quot;:false,&quot;profecient_parallax_effects_toggle&quot;:0,&quot;profecient_mouse_effects_toggle&quot;:0}\">\n\t\t\t\t\t\t<div class=\"elementor-container elementor-column-gap-no\">\n\t\t\t\t\t<div class=\"elementor-column elementor-col-100 elementor-top-column elementor-element elementor-element-1be85ac7\" data-id=\"1be85ac7\" data-element_type=\"column\" data-e-type=\"column\" data-settings=\"{&quot;background_background&quot;:&quot;classic&quot;,&quot;profecient_background_motion_effects_toggle&quot;:0,&quot;profecient_custom_cursor_toggle&quot;:false,&quot;profecient_parallax_effects_toggle&quot;:0,&quot;profecient_mouse_effects_toggle&quot;:0}\">\n\t\t\t<div class=\"elementor-widget-wrap elementor-element-populated\">\n\t\t\t\t\t<div class=\"elementor-background-overlay\"><\/div>\n\t\t\t\t\t\t<section class=\"elementor-section elementor-inner-section elementor-element elementor-element-2ed2969f elementor-section-boxed elementor-section-height-default elementor-section-height-default\" data-id=\"2ed2969f\" data-element_type=\"section\" data-e-type=\"section\" data-settings=\"{&quot;profecient_background_motion_effects_toggle&quot;:0,&quot;profecient_custom_cursor_toggle&quot;:false,&quot;profecient_parallax_effects_toggle&quot;:0,&quot;profecient_mouse_effects_toggle&quot;:0}\">\n\t\t\t\t\t\t<div class=\"elementor-container elementor-column-gap-no\">\n\t\t\t\t\t<div class=\"elementor-column elementor-col-100 elementor-inner-column elementor-element elementor-element-52c14c50\" data-id=\"52c14c50\" data-element_type=\"column\" data-e-type=\"column\" data-settings=\"{&quot;profecient_background_motion_effects_toggle&quot;:0,&quot;profecient_custom_cursor_toggle&quot;:false,&quot;profecient_parallax_effects_toggle&quot;:0,&quot;profecient_mouse_effects_toggle&quot;:0}\">\n\t\t\t<div class=\"elementor-widget-wrap elementor-element-populated\">\n\t\t\t\t\t\t<div class=\"elementor-element elementor-element-282ec4e2 elementor-icon-list--layout-inline elementor-align-center elementor-list-item-link-full_width elementor-widget elementor-widget-icon-list\" data-id=\"282ec4e2\" data-element_type=\"widget\" data-e-type=\"widget\" data-settings=\"{&quot;profecient_custom_cursor_toggle&quot;:false,&quot;profecient_parallax_effects_toggle&quot;:0,&quot;profecient_mouse_effects_toggle&quot;:0}\" data-widget_type=\"icon-list.default\">\n\t\t\t\t<div class=\"elementor-widget-container\">\n\t\t\t\t\t\t\t<ul class=\"elementor-icon-list-items elementor-inline-items\">\n\t\t\t\t\t\t\t<li class=\"elementor-icon-list-item elementor-inline-item\">\n\t\t\t\t\t\t\t\t\t\t<span class=\"elementor-icon-list-text\">Kitap<\/span>\n\t\t\t\t\t\t\t\t\t<\/li>\n\t\t\t\t\t\t<\/ul>\n\t\t\t\t\t\t<\/div>\n\t\t\t\t<\/div>\n\t\t\t\t<div class=\"elementor-element elementor-element-3b735e84 elementor-widget elementor-widget-heading\" data-id=\"3b735e84\" data-element_type=\"widget\" data-e-type=\"widget\" data-settings=\"{&quot;profecient_custom_cursor_toggle&quot;:false,&quot;profecient_parallax_effects_toggle&quot;:0,&quot;profecient_mouse_effects_toggle&quot;:0}\" data-widget_type=\"heading.default\">\n\t\t\t\t<div class=\"elementor-widget-container\">\n\t\t\t\t\t<h1 class=\"elementor-heading-title elementor-size-default\">Demokratik Cesaret<\/h1>\t\t\t\t<\/div>\n\t\t\t\t<\/div>\n\t\t\t\t\t<\/div>\n\t\t<\/div>\n\t\t\t\t\t<\/div>\n\t\t<\/section>\n\t\t\t\t\t<\/div>\n\t\t<\/div>\n\t\t\t\t\t<\/div>\n\t\t<\/section>\n\t\t\t\t<section class=\"elementor-section elementor-top-section elementor-element elementor-element-516d2228 elementor-section-boxed elementor-section-height-default elementor-section-height-default\" data-id=\"516d2228\" data-element_type=\"section\" data-e-type=\"section\" data-settings=\"{&quot;profecient_background_motion_effects_toggle&quot;:0,&quot;profecient_custom_cursor_toggle&quot;:false,&quot;profecient_parallax_effects_toggle&quot;:0,&quot;profecient_mouse_effects_toggle&quot;:0}\">\n\t\t\t\t\t\t<div class=\"elementor-container elementor-column-gap-no\">\n\t\t\t\t\t<div class=\"elementor-column elementor-col-50 elementor-top-column elementor-element elementor-element-1909ea6c elementor-invisible\" data-id=\"1909ea6c\" data-element_type=\"column\" data-e-type=\"column\" data-settings=\"{&quot;background_background&quot;:&quot;classic&quot;,&quot;animation&quot;:&quot;fadeIn&quot;,&quot;profecient_background_motion_effects_toggle&quot;:0,&quot;profecient_custom_cursor_toggle&quot;:false,&quot;profecient_parallax_effects_toggle&quot;:0,&quot;profecient_mouse_effects_toggle&quot;:0}\">\n\t\t\t<div class=\"elementor-widget-wrap elementor-element-populated\">\n\t\t\t\t\t\t<div class=\"elementor-element elementor-element-58971a8d elementor-widget elementor-widget-image\" data-id=\"58971a8d\" data-element_type=\"widget\" data-e-type=\"widget\" data-settings=\"{&quot;profecient_custom_cursor_toggle&quot;:false,&quot;profecient_parallax_effects_toggle&quot;:0,&quot;profecient_mouse_effects_toggle&quot;:0}\" data-widget_type=\"image.default\">\n\t\t\t\t<div class=\"elementor-widget-container\">\n\t\t\t\t\t\t\t\t\t\t\t\t\t\t\t<img fetchpriority=\"high\" decoding=\"async\" width=\"1600\" height=\"1600\" src=\"http:\/\/www.ercankarakas.com\/wp-content\/uploads\/2025\/05\/KAPAK-CESARET.webp\" class=\"attachment-full size-full wp-image-605\" alt=\"\" srcset=\"http:\/\/www.ercankarakas.com\/wp-content\/uploads\/2025\/05\/KAPAK-CESARET.webp 1600w, http:\/\/www.ercankarakas.com\/wp-content\/uploads\/2025\/05\/KAPAK-CESARET-300x300.webp 300w, http:\/\/www.ercankarakas.com\/wp-content\/uploads\/2025\/05\/KAPAK-CESARET-1024x1024.webp 1024w, http:\/\/www.ercankarakas.com\/wp-content\/uploads\/2025\/05\/KAPAK-CESARET-150x150.webp 150w, http:\/\/www.ercankarakas.com\/wp-content\/uploads\/2025\/05\/KAPAK-CESARET-768x768.webp 768w, http:\/\/www.ercankarakas.com\/wp-content\/uploads\/2025\/05\/KAPAK-CESARET-1536x1536.webp 1536w\" sizes=\"(max-width: 1600px) 100vw, 1600px\" \/>\t\t\t\t\t\t\t\t\t\t\t\t\t\t\t<\/div>\n\t\t\t\t<\/div>\n\t\t\t\t\t<\/div>\n\t\t<\/div>\n\t\t\t\t<div class=\"elementor-column elementor-col-50 elementor-top-column elementor-element elementor-element-543fa831 elementor-invisible\" data-id=\"543fa831\" data-element_type=\"column\" data-e-type=\"column\" data-settings=\"{&quot;animation&quot;:&quot;fadeIn&quot;,&quot;animation_delay&quot;:400,&quot;profecient_background_motion_effects_toggle&quot;:0,&quot;profecient_custom_cursor_toggle&quot;:false,&quot;profecient_parallax_effects_toggle&quot;:0,&quot;profecient_mouse_effects_toggle&quot;:0}\">\n\t\t\t<div class=\"elementor-widget-wrap elementor-element-populated\">\n\t\t\t\t\t\t<div class=\"elementor-element elementor-element-49dda5ff elementor-widget elementor-widget-jkit_heading\" data-id=\"49dda5ff\" data-element_type=\"widget\" data-e-type=\"widget\" data-settings=\"{&quot;profecient_custom_cursor_toggle&quot;:false,&quot;profecient_parallax_effects_toggle&quot;:0,&quot;profecient_mouse_effects_toggle&quot;:0}\" data-widget_type=\"jkit_heading.default\">\n\t\t\t\t<div class=\"elementor-widget-container\">\n\t\t\t\t\t<div  class=\"jeg-elementor-kit jkit-heading  align-left align-tablet- align-mobile- jeg_module___69f2c924e1075\" ><h2 class=\"heading-section-subtitle  style-color\">T\u00fcrkiye&#039;nin Sorunlar\u0131<\/h2><div class=\"heading-section-title  display-inline-block\"><h2 class=\"heading-title\">Demokratik Cesaret<\/h2><\/div><\/div>\t\t\t\t<\/div>\n\t\t\t\t<\/div>\n\t\t\t\t<div class=\"elementor-element elementor-element-781935ff elementor--star-style-star_unicode elementor-star-rating--align-start elementor-widget__width-auto elementor-widget elementor-widget-star-rating\" data-id=\"781935ff\" data-element_type=\"widget\" data-e-type=\"widget\" data-settings=\"{&quot;profecient_custom_cursor_toggle&quot;:false,&quot;profecient_parallax_effects_toggle&quot;:0,&quot;profecient_mouse_effects_toggle&quot;:0}\" data-widget_type=\"star-rating.default\">\n\t\t\t\t<div class=\"elementor-widget-container\">\n\t\t\t\t\t\t\t<div class=\"elementor-star-rating__wrapper\">\n\t\t\t\t\t\t<div class=\"elementor-star-rating\" itemtype=\"http:\/\/schema.org\/Rating\" itemscope=\"\" itemprop=\"reviewRating\">\n\t\t\t\t<i class=\"elementor-star-full\" aria-hidden=\"true\">&#9733;<\/i><i class=\"elementor-star-full\" aria-hidden=\"true\">&#9733;<\/i><i class=\"elementor-star-full\" aria-hidden=\"true\">&#9733;<\/i><i class=\"elementor-star-full\" aria-hidden=\"true\">&#9733;<\/i><i class=\"elementor-star-5\" aria-hidden=\"true\">&#9733;<\/i>\t\t\t\t<span itemprop=\"ratingValue\" class=\"elementor-screen-only\">4.5 \/ 5 \u00fczerinden de\u011ferlendirildi<\/span>\n\t\t\t<\/div>\n\t\t<\/div>\n\t\t\t\t\t\t<\/div>\n\t\t\t\t<\/div>\n\t\t\t\t<div class=\"elementor-element elementor-element-24379ebe elementor-widget__width-auto elementor-widget elementor-widget-text-editor\" data-id=\"24379ebe\" data-element_type=\"widget\" data-e-type=\"widget\" data-settings=\"{&quot;profecient_custom_cursor_toggle&quot;:false,&quot;profecient_parallax_effects_toggle&quot;:0,&quot;profecient_mouse_effects_toggle&quot;:0}\" data-widget_type=\"text-editor.default\">\n\t\t\t\t<div class=\"elementor-widget-container\">\n\t\t\t\t\t\t\t\t\t(25 Reviews)\t\t\t\t\t\t\t\t<\/div>\n\t\t\t\t<\/div>\n\t\t\t\t<div class=\"elementor-element elementor-element-c013231 profecient-custom-cursor-yes custom-cursor__inner--type-none custom-cursor__outer--type-none elementor-widget elementor-widget-jkit_tabs\" data-id=\"c013231\" data-element_type=\"widget\" data-e-type=\"widget\" data-settings=\"{&quot;profecient_custom_cursor_toggle&quot;:&quot;yes&quot;,&quot;profecient_custom_cursor_inner_size&quot;:{&quot;unit&quot;:&quot;px&quot;,&quot;size&quot;:40,&quot;sizes&quot;:&quot;&quot;},&quot;profecient_custom_cursor_inner_color&quot;:&quot;#538914A6&quot;,&quot;profecient_custom_cursor_inner_blend&quot;:&quot;normal&quot;,&quot;profecient_custom_cursor_outer_size&quot;:{&quot;unit&quot;:&quot;px&quot;,&quot;size&quot;:0,&quot;sizes&quot;:&quot;&quot;},&quot;profecient_custom_cursor_inner_type&quot;:&quot;none&quot;,&quot;profecient_custom_cursor_outer_color&quot;:&quot;#ffffff&quot;,&quot;profecient_custom_cursor_outer_blend&quot;:&quot;difference&quot;,&quot;profecient_custom_cursor_outer_type&quot;:&quot;none&quot;,&quot;profecient_parallax_effects_toggle&quot;:0,&quot;profecient_mouse_effects_toggle&quot;:0}\" data-widget_type=\"jkit_tabs.default\">\n\t\t\t\t<div class=\"elementor-widget-container\">\n\t\t\t\t\t<div  class=\"jeg-elementor-kit jkit-tabs layout-horizontal jeg_module__1_69f2c924e4b0b\" ><div class=\"tab-navigation\"><ul class=\"tab-nav-list   \" data-toggle=\"0\"><li class=\"tab-nav active \" data-tab=\"tab-9f4d14e\"><span class=\"tab-title\">A\u00e7\u0131klama<\/span><div class=\"tab-content\"><div class=\"tab-description\"><\/div><\/div><\/li><\/ul><\/div><div class=\"tab-content-list\"><div class=\"tab-content tab-9f4d14e active\"><p>Solun Sosyal demokrasinin \u00fclkemizde ya\u015fad\u0131\u011f\u0131 ve ya\u015famakta bulundu\u011fu sorunlar biliniyor.<br \/><br \/>Bu sorunlar, yaln\u0131zca solculara ve sosyal demokratlara de\u011fil, parti sistemi ve siyasal ya\u015fam\u0131 solsuz olu\u015fturmak durumunda kalan \u00fclkemize hatta b\u00f6lgemize de maliyet y\u00fckl\u00fcyor. T\u00fcrkiye, ger\u00e7ek ve geli\u015fmi\u015f bir sol ile bezenmi\u015f bir siyasal sisteme sahip olabilse bug\u00fcn farkl\u0131 bir konumda olur; b\u00f6lgenin, d\u00fcnyan\u0131n daha \u00f6zg\u00fcrl\u00fck\u00e7\u00fc, daha insanc\u0131l anlay\u0131\u015flarla bi\u00e7imlendirilmesine \u00f6nemli katk\u0131lar yapabilirdi. (...) G\u00fcndem, d\u00fcnyan\u0131n ba\u015fka b\u00f6lgelerine ve \u00fclkelerine k\u0131yasla b\u00f6lgemizde ve T\u00fcrkiye\u2019de \u00e7ok ama \u00e7ok h\u0131zl\u0131 de\u011fi\u015fiyor. Bu ortamda g\u00f6zlemci, bir y\u0131l ya da birka\u00e7 ay \u00f6ncesinde g\u00fcndemi belirlemi\u015f sorunlar\u0131n bile sanki \u00e7ok uzaklarda kald\u0131\u011f\u0131 duygusuna kap\u0131l\u0131yor. Oysa s\u00f6z konusu sorunlar\u0131n neredeyse tamam\u0131na yak\u0131n\u0131 \u00e7\u00f6z\u00fcme kavu\u015fmu\u015f de\u011fil; yine g\u00fcndemde s\u0131ralan\u0131yorlar. Bu nedenledir ki, her yaz\u0131l\u0131 katk\u0131, insanl\u0131k ve yurtta\u015fl\u0131k bilincini geli\u015ftiren ve \u00e7\u00f6z\u00fcme giden yola d\u00f6\u015fenmi\u015f bir ta\u015ft\u0131r. Eldeki kitab\u0131n da i\u015fte bu ta\u015flardan biri oldu\u011funa inan\u0131yorum.<br \/><br \/>Ayd\u0131n C\u0131ng\u0131<\/p><\/div><\/div><\/div>\t\t\t\t<\/div>\n\t\t\t\t<\/div>\n\t\t\t\t<div class=\"elementor-element elementor-element-43d4c9c6 elementor-widget__width-initial elementor-widget-mobile__width-inherit profecient-custom-cursor-yes jkit-equal-height-disable custom-cursor__inner--type-none custom-cursor__outer--type-none elementor-widget elementor-widget-jkit_icon_box\" data-id=\"43d4c9c6\" data-element_type=\"widget\" data-e-type=\"widget\" data-settings=\"{&quot;profecient_custom_cursor_toggle&quot;:&quot;yes&quot;,&quot;profecient_custom_cursor_inner_size&quot;:{&quot;unit&quot;:&quot;px&quot;,&quot;size&quot;:50,&quot;sizes&quot;:&quot;&quot;},&quot;profecient_custom_cursor_inner_color&quot;:&quot;#538914A6&quot;,&quot;profecient_custom_cursor_inner_blend&quot;:&quot;normal&quot;,&quot;profecient_custom_cursor_outer_size&quot;:{&quot;unit&quot;:&quot;px&quot;,&quot;size&quot;:0,&quot;sizes&quot;:&quot;&quot;},&quot;profecient_custom_cursor_inner_type&quot;:&quot;none&quot;,&quot;profecient_custom_cursor_outer_color&quot;:&quot;#ffffff&quot;,&quot;profecient_custom_cursor_outer_blend&quot;:&quot;difference&quot;,&quot;profecient_custom_cursor_outer_type&quot;:&quot;none&quot;,&quot;profecient_parallax_effects_toggle&quot;:0,&quot;profecient_mouse_effects_toggle&quot;:0}\" data-widget_type=\"jkit_icon_box.default\">\n\t\t\t\t<div class=\"elementor-widget-container\">\n\t\t\t\t\t<div  class=\"jeg-elementor-kit jkit-icon-box icon-position-left elementor-animation- jeg_module__2_69f2c924ea3ca\" ><a href=\"https:\/\/www.kitapyurdu.com\/kitap\/demokratik-cesaret\/104116.html?srsltid=AfmBOorCUP8yQJ2iy-PS5_MOCi6FK8_CgkvqH1cfSCEs0gvjmKJWL4cI\" class=\"icon-box-link\" aria-label=\"Learn More\"><div class=\"jkit-icon-box-wrapper hover-from-left\"><div class=\"icon-box icon-box-header elementor-animation-\"><div class=\"icon style-color\"><img decoding=\"async\" width=\"150\" height=\"150\" src=\"https:\/\/www.ercankarakas.com\/wp-content\/uploads\/2025\/11\/kitapyurdu-150x150.png\" class=\"attachment-thumbnail size-thumbnail\" alt=\"Sat\u0131n Al\" \/><\/div><\/div><div class=\"icon-box icon-box-body\">\n                <h2 class=\"title\">Sat\u0131n Al<\/h2><p class=\"icon-box-description\">Kitapyurdu<\/p>\n            <\/div>\n            \n            <\/div><\/a><\/div>\t\t\t\t<\/div>\n\t\t\t\t<\/div>\n\t\t\t\t\t<\/div>\n\t\t<\/div>\n\t\t\t\t\t<\/div>\n\t\t<\/section>\n\t\t\t\t<\/div>\n\t\t","protected":false},"excerpt":{"rendered":"<p>Kitap Demokratik Cesaret T\u00fcrkiye&#039;nin Sorunlar\u0131 Demokratik Cesaret &#9733;&#9733;&#9733;&#9733;&#9733; 4.5 \/ 5 \u00fczerinden de\u011ferlendirildi (25 Reviews) A\u00e7\u0131klama Solun Sosyal demokrasinin \u00fclkemizde ya\u015fad\u0131\u011f\u0131 ve ya\u015famakta bulundu\u011fu sorunlar biliniyor. Bu sorunlar, yaln\u0131zca solculara ve sosyal demokratlara de\u011fil, parti sistemi ve siyasal ya\u015fam\u0131 solsuz olu\u015fturmak durumunda kalan \u00fclkemize hatta b\u00f6lgemize de maliyet y\u00fckl\u00fcyor. T\u00fcrkiye, ger\u00e7ek ve geli\u015fmi\u015f bir sol [&hellip;]<\/p>\n","protected":false},"author":1,"featured_media":0,"parent":82,"menu_order":0,"comment_status":"closed","ping_status":"closed","template":"elementor_header_footer","meta":{"footnotes":""},"class_list":["post-1013","page","type-page","status-publish","hentry"],"jetpack_sharing_enabled":true,"_links":{"self":[{"href":"https:\/\/www.ercankarakas.com\/index.php?rest_route=\/wp\/v2\/pages\/1013","targetHints":{"allow":["GET"]}}],"collection":[{"href":"https:\/\/www.ercankarakas.com\/index.php?rest_route=\/wp\/v2\/pages"}],"about":[{"href":"https:\/\/www.ercankarakas.com\/index.php?rest_route=\/wp\/v2\/types\/page"}],"author":[{"embeddable":true,"href":"https:\/\/www.ercankarakas.com\/index.php?rest_route=\/wp\/v2\/users\/1"}],"replies":[{"embeddable":true,"href":"https:\/\/www.ercankarakas.com\/index.php?rest_route=%2Fwp%2Fv2%2Fcomments&post=1013"}],"version-history":[{"count":11,"href":"https:\/\/www.ercankarakas.com\/index.php?rest_route=\/wp\/v2\/pages\/1013\/revisions"}],"predecessor-version":[{"id":1026,"href":"https:\/\/www.ercankarakas.com\/index.php?rest_route=\/wp\/v2\/pages\/1013\/revisions\/1026"}],"up":[{"embeddable":true,"href":"https:\/\/www.ercankarakas.com\/index.php?rest_route=\/wp\/v2\/pages\/82"}],"wp:attachment":[{"href":"https:\/\/www.ercankarakas.com\/index.php?rest_route=%2Fwp%2Fv2%2Fmedia&parent=1013"}],"curies":[{"name":"wp","href":"https:\/\/api.w.org\/{rel}","templated":true}]}}